{"id":83,"date":"2025-11-25T16:39:12","date_gmt":"2025-11-25T16:39:12","guid":{"rendered":"https:\/\/beta.metallbau-wicki.ch\/?page_id=83"},"modified":"2025-12-06T15:50:44","modified_gmt":"2025-12-06T15:50:44","slug":"balkone","status":"publish","type":"page","link":"https:\/\/beta.metallbau-wicki.ch\/index.php\/balkone\/","title":{"rendered":"Balkone"},"content":{"rendered":"\n<div class=\"wp-block-group is-content-justification-center is-nowrap is-layout-flex wp-container-core-group-is-layout-23441af8 wp-block-group-is-layout-flex\">\n<div class=\"wp-block-group has-global-padding is-layout-constrained wp-block-group-is-layout-constrained\">\n<div class=\"wp-block-cover alignwide\"><img fetchpriority=\"high\" decoding=\"async\" width=\"1024\" height=\"576\" class=\"wp-block-cover__image-background wp-image-379\" alt=\"\" src=\"https:\/\/beta.metallbau-wicki.ch\/wp-content\/uploads\/2025\/12\/MW-139-edited-1024x576.jpg\" style=\"object-position:50% 51%\" data-object-fit=\"cover\" data-object-position=\"50% 51%\" srcset=\"https:\/\/beta.metallbau-wicki.ch\/wp-content\/uploads\/2025\/12\/MW-139-edited-1024x576.jpg 1024w, https:\/\/beta.metallbau-wicki.ch\/wp-content\/uploads\/2025\/12\/MW-139-edited-300x169.jpg 300w, https:\/\/beta.metallbau-wicki.ch\/wp-content\/uploads\/2025\/12\/MW-139-edited-768x432.jpg 768w, https:\/\/beta.metallbau-wicki.ch\/wp-content\/uploads\/2025\/12\/MW-139-edited-1536x864.jpg 1536w, https:\/\/beta.metallbau-wicki.ch\/wp-content\/uploads\/2025\/12\/MW-139-edited-2048x1152.jpg 2048w\" sizes=\"(max-width: 1024px) 100vw, 1024px\" \/><span aria-hidden=\"true\" class=\"wp-block-cover__background has-background-dim-10 has-background-dim\"><\/span><div class=\"wp-block-cover__inner-container is-layout-flow wp-block-cover-is-layout-flow\">\n<p class=\"has-text-align-center has-text-color has-link-color has-large-font-size wp-elements-cdc461360f8c62820afcce73c7667faf\" style=\"color:#f2d21d\">Jetzt von 10% Winterrabatt profitieren<\/p>\n\n\n\n<p class=\"has-text-align-center has-text-color has-link-color wp-elements-e3531e28157acbba3c9305eaf877bb3e\" style=\"color:#f2d21d\">bei Bestellung bis ende Februar 2026.<\/p>\n<\/div><\/div>\n<\/div>\n<\/div>\n\n\n\n<div style=\"height:var(--wp--preset--spacing--30)\" aria-hidden=\"true\" class=\"wp-block-spacer\"><\/div>\n\n\n\n<div class=\"wp-block-columns is-layout-flex wp-container-core-columns-is-layout-28f84493 wp-block-columns-is-layout-flex\">\n<div class=\"wp-block-column is-layout-flow wp-block-column-is-layout-flow\"><\/div>\n\n\n\n<div class=\"wp-block-column is-layout-flow wp-block-column-is-layout-flow\" style=\"box-shadow:none\">\n<h3 class=\"wp-block-heading has-text-align-center\">N\u00e4chsten Sommer auf deinem neuen<br>Balkon relaxen?<\/h3>\n\n\n\n<p class=\"has-text-align-center\">STANDARD-BALKONE<br>Flexibel konfigurierbar in 0.5-m-Schritten bis<br>zu einer Gr\u00f6sse von 7 \u00d7 3 m<br>Auch Sondergr\u00f6ssen m\u00f6glich<br>Auswahl aus verschiedenen Gel\u00e4ndertypen<br><br><br><\/p>\n\n\n\n<details class=\"wp-block-details is-layout-flow wp-block-details-is-layout-flow\"><summary>Optionen<\/summary>\n<ul class=\"wp-block-list\">\n<li>Windschutz<\/li>\n\n\n\n<li>Seitenverglasung (beweglich \/ fest)<\/li>\n\n\n\n<li>\u00dcberdachung<\/li>\n\n\n\n<li>Glasgel\u00e4nder<\/li>\n\n\n\n<li>Vordach<\/li>\n<\/ul>\n<\/details>\n\n\n\n<details class=\"wp-block-details is-layout-flow wp-block-details-is-layout-flow\"><summary>Services<\/summary>\n<ul class=\"wp-block-list\">\n<li>Baueingabe<\/li>\n\n\n\n<li>Fassadenvorbereitung<\/li>\n\n\n\n<li>Ger\u00fcstbau<\/li>\n\n\n\n<li>Betonfundamente<\/li>\n<\/ul>\n<\/details>\n<\/div>\n\n\n\n<div class=\"wp-block-column is-layout-flow wp-block-column-is-layout-flow\"><\/div>\n<\/div>\n\n\n\n<div class=\"wp-block-group alignfull has-global-padding is-layout-constrained wp-container-core-group-is-layout-490fa1db wp-block-group-is-layout-constrained\" style=\"padding-top:var(--wp--preset--spacing--50);padding-right:var(--wp--preset--spacing--50);padding-bottom:var(--wp--preset--spacing--50);padding-left:var(--wp--preset--spacing--50)\">\n<h2 class=\"wp-block-heading has-text-align-center has-x-large-font-size\">Von Einfach bis speziell.<\/h2>\n\n\n\n<figure class=\"wp-block-gallery has-nested-images columns-default is-cropped wp-block-gallery-1 is-layout-flex wp-block-gallery-is-layout-flex\">\n<figure class=\"wp-block-image size-large\"><img decoding=\"async\" width=\"1024\" height=\"683\" data-id=\"355\" src=\"https:\/\/beta.metallbau-wicki.ch\/wp-content\/uploads\/2025\/11\/MW-192-edited-1-1024x683.jpg\" alt=\"\" class=\"wp-image-355\" srcset=\"https:\/\/beta.metallbau-wicki.ch\/wp-content\/uploads\/2025\/11\/MW-192-edited-1-1024x683.jpg 1024w, https:\/\/beta.metallbau-wicki.ch\/wp-content\/uploads\/2025\/11\/MW-192-edited-1-300x200.jpg 300w, https:\/\/beta.metallbau-wicki.ch\/wp-content\/uploads\/2025\/11\/MW-192-edited-1-768x512.jpg 768w, https:\/\/beta.metallbau-wicki.ch\/wp-content\/uploads\/2025\/11\/MW-192-edited-1-1536x1024.jpg 1536w, https:\/\/beta.metallbau-wicki.ch\/wp-content\/uploads\/2025\/11\/MW-192-edited-1-2048x1365.jpg 2048w\" sizes=\"(max-width: 1024px) 100vw, 1024px\" \/><\/figure>\n\n\n\n<figure class=\"wp-block-image size-large\"><img decoding=\"async\" width=\"768\" height=\"1024\" data-id=\"106\" src=\"https:\/\/beta.metallbau-wicki.ch\/wp-content\/uploads\/2025\/11\/MW-193-768x1024.jpg\" alt=\"\" class=\"wp-image-106\" srcset=\"https:\/\/beta.metallbau-wicki.ch\/wp-content\/uploads\/2025\/11\/MW-193-768x1024.jpg 768w, https:\/\/beta.metallbau-wicki.ch\/wp-content\/uploads\/2025\/11\/MW-193-225x300.jpg 225w, https:\/\/beta.metallbau-wicki.ch\/wp-content\/uploads\/2025\/11\/MW-193-1152x1536.jpg 1152w, https:\/\/beta.metallbau-wicki.ch\/wp-content\/uploads\/2025\/11\/MW-193-1536x2048.jpg 1536w, https:\/\/beta.metallbau-wicki.ch\/wp-content\/uploads\/2025\/11\/MW-193-scaled.jpg 1920w\" sizes=\"(max-width: 768px) 100vw, 768px\" \/><\/figure>\n\n\n\n<figure class=\"wp-block-image size-large\"><img loading=\"lazy\" decoding=\"async\" width=\"768\" height=\"1024\" data-id=\"117\" src=\"https:\/\/beta.metallbau-wicki.ch\/wp-content\/uploads\/2025\/11\/MW-40-768x1024.jpg\" alt=\"\" class=\"wp-image-117\" srcset=\"https:\/\/beta.metallbau-wicki.ch\/wp-content\/uploads\/2025\/11\/MW-40-768x1024.jpg 768w, https:\/\/beta.metallbau-wicki.ch\/wp-content\/uploads\/2025\/11\/MW-40-225x300.jpg 225w, https:\/\/beta.metallbau-wicki.ch\/wp-content\/uploads\/2025\/11\/MW-40-1152x1536.jpg 1152w, https:\/\/beta.metallbau-wicki.ch\/wp-content\/uploads\/2025\/11\/MW-40-1536x2048.jpg 1536w, https:\/\/beta.metallbau-wicki.ch\/wp-content\/uploads\/2025\/11\/MW-40-scaled.jpg 1920w\" sizes=\"(max-width: 768px) 100vw, 768px\" \/><\/figure>\n\n\n\n<figure class=\"wp-block-image size-large\"><img loading=\"lazy\" decoding=\"async\" width=\"1024\" height=\"768\" data-id=\"113\" src=\"https:\/\/beta.metallbau-wicki.ch\/wp-content\/uploads\/2025\/11\/MW-201-1024x768.jpg\" alt=\"\" class=\"wp-image-113\" srcset=\"https:\/\/beta.metallbau-wicki.ch\/wp-content\/uploads\/2025\/11\/MW-201-1024x768.jpg 1024w, https:\/\/beta.metallbau-wicki.ch\/wp-content\/uploads\/2025\/11\/MW-201-300x225.jpg 300w, https:\/\/beta.metallbau-wicki.ch\/wp-content\/uploads\/2025\/11\/MW-201-768x576.jpg 768w, https:\/\/beta.metallbau-wicki.ch\/wp-content\/uploads\/2025\/11\/MW-201-1536x1152.jpg 1536w, https:\/\/beta.metallbau-wicki.ch\/wp-content\/uploads\/2025\/11\/MW-201-2048x1536.jpg 2048w\" sizes=\"(max-width: 1024px) 100vw, 1024px\" \/><\/figure>\n\n\n\n<figure class=\"wp-block-image size-large\"><img loading=\"lazy\" decoding=\"async\" width=\"768\" height=\"1024\" data-id=\"108\" src=\"https:\/\/beta.metallbau-wicki.ch\/wp-content\/uploads\/2025\/11\/MW-196-768x1024.jpg\" alt=\"\" class=\"wp-image-108\" srcset=\"https:\/\/beta.metallbau-wicki.ch\/wp-content\/uploads\/2025\/11\/MW-196-768x1024.jpg 768w, https:\/\/beta.metallbau-wicki.ch\/wp-content\/uploads\/2025\/11\/MW-196-225x300.jpg 225w, https:\/\/beta.metallbau-wicki.ch\/wp-content\/uploads\/2025\/11\/MW-196-1152x1536.jpg 1152w, https:\/\/beta.metallbau-wicki.ch\/wp-content\/uploads\/2025\/11\/MW-196-1536x2048.jpg 1536w, https:\/\/beta.metallbau-wicki.ch\/wp-content\/uploads\/2025\/11\/MW-196-scaled.jpg 1920w\" sizes=\"(max-width: 768px) 100vw, 768px\" \/><\/figure>\n\n\n\n<figure class=\"wp-block-image size-large\"><img loading=\"lazy\" decoding=\"async\" width=\"768\" height=\"1024\" data-id=\"99\" src=\"https:\/\/beta.metallbau-wicki.ch\/wp-content\/uploads\/2025\/11\/MW-186-768x1024.jpg\" alt=\"\" class=\"wp-image-99\" srcset=\"https:\/\/beta.metallbau-wicki.ch\/wp-content\/uploads\/2025\/11\/MW-186-768x1024.jpg 768w, https:\/\/beta.metallbau-wicki.ch\/wp-content\/uploads\/2025\/11\/MW-186-225x300.jpg 225w, https:\/\/beta.metallbau-wicki.ch\/wp-content\/uploads\/2025\/11\/MW-186-1152x1536.jpg 1152w, https:\/\/beta.metallbau-wicki.ch\/wp-content\/uploads\/2025\/11\/MW-186-1536x2048.jpg 1536w, https:\/\/beta.metallbau-wicki.ch\/wp-content\/uploads\/2025\/11\/MW-186-scaled.jpg 1920w\" sizes=\"(max-width: 768px) 100vw, 768px\" \/><\/figure>\n\n\n\n<figure class=\"wp-block-image size-large\"><img loading=\"lazy\" decoding=\"async\" width=\"768\" height=\"1024\" data-id=\"399\" src=\"https:\/\/beta.metallbau-wicki.ch\/wp-content\/uploads\/2025\/12\/20251106_145500-768x1024.jpg\" alt=\"\" class=\"wp-image-399\" srcset=\"https:\/\/beta.metallbau-wicki.ch\/wp-content\/uploads\/2025\/12\/20251106_145500-768x1024.jpg 768w, https:\/\/beta.metallbau-wicki.ch\/wp-content\/uploads\/2025\/12\/20251106_145500-225x300.jpg 225w, https:\/\/beta.metallbau-wicki.ch\/wp-content\/uploads\/2025\/12\/20251106_145500-1152x1536.jpg 1152w, https:\/\/beta.metallbau-wicki.ch\/wp-content\/uploads\/2025\/12\/20251106_145500-1536x2048.jpg 1536w, https:\/\/beta.metallbau-wicki.ch\/wp-content\/uploads\/2025\/12\/20251106_145500-scaled.jpg 1920w\" sizes=\"(max-width: 768px) 100vw, 768px\" \/><\/figure>\n\n\n\n<figure class=\"wp-block-image size-large\"><img loading=\"lazy\" decoding=\"async\" width=\"768\" height=\"1024\" data-id=\"400\" src=\"https:\/\/beta.metallbau-wicki.ch\/wp-content\/uploads\/2025\/12\/20251106_145512-768x1024.jpg\" alt=\"\" class=\"wp-image-400\" srcset=\"https:\/\/beta.metallbau-wicki.ch\/wp-content\/uploads\/2025\/12\/20251106_145512-768x1024.jpg 768w, https:\/\/beta.metallbau-wicki.ch\/wp-content\/uploads\/2025\/12\/20251106_145512-225x300.jpg 225w, https:\/\/beta.metallbau-wicki.ch\/wp-content\/uploads\/2025\/12\/20251106_145512-1152x1536.jpg 1152w, https:\/\/beta.metallbau-wicki.ch\/wp-content\/uploads\/2025\/12\/20251106_145512-1536x2048.jpg 1536w, https:\/\/beta.metallbau-wicki.ch\/wp-content\/uploads\/2025\/12\/20251106_145512-scaled.jpg 1920w\" sizes=\"(max-width: 768px) 100vw, 768px\" \/><\/figure>\n\n\n\n<figure class=\"wp-block-image size-large\"><img loading=\"lazy\" decoding=\"async\" width=\"1024\" height=\"512\" data-id=\"98\" src=\"https:\/\/beta.metallbau-wicki.ch\/wp-content\/uploads\/2025\/11\/MW-18-1024x512.jpg\" alt=\"\" class=\"wp-image-98\" srcset=\"https:\/\/beta.metallbau-wicki.ch\/wp-content\/uploads\/2025\/11\/MW-18-1024x512.jpg 1024w, https:\/\/beta.metallbau-wicki.ch\/wp-content\/uploads\/2025\/11\/MW-18-300x150.jpg 300w, https:\/\/beta.metallbau-wicki.ch\/wp-content\/uploads\/2025\/11\/MW-18-768x384.jpg 768w, https:\/\/beta.metallbau-wicki.ch\/wp-content\/uploads\/2025\/11\/MW-18-1536x768.jpg 1536w, https:\/\/beta.metallbau-wicki.ch\/wp-content\/uploads\/2025\/11\/MW-18-2048x1024.jpg 2048w\" sizes=\"(max-width: 1024px) 100vw, 1024px\" \/><\/figure>\n\n\n\n<figure class=\"wp-block-image size-large\"><img loading=\"lazy\" decoding=\"async\" width=\"1024\" height=\"683\" data-id=\"359\" src=\"https:\/\/beta.metallbau-wicki.ch\/wp-content\/uploads\/2025\/11\/MW-139-edited-1024x683.jpg\" alt=\"\" class=\"wp-image-359\" srcset=\"https:\/\/beta.metallbau-wicki.ch\/wp-content\/uploads\/2025\/11\/MW-139-edited-1024x683.jpg 1024w, https:\/\/beta.metallbau-wicki.ch\/wp-content\/uploads\/2025\/11\/MW-139-edited-300x200.jpg 300w, https:\/\/beta.metallbau-wicki.ch\/wp-content\/uploads\/2025\/11\/MW-139-edited-768x512.jpg 768w, https:\/\/beta.metallbau-wicki.ch\/wp-content\/uploads\/2025\/11\/MW-139-edited-1536x1024.jpg 1536w, https:\/\/beta.metallbau-wicki.ch\/wp-content\/uploads\/2025\/11\/MW-139-edited-2048x1365.jpg 2048w\" sizes=\"(max-width: 1024px) 100vw, 1024px\" \/><\/figure>\n\n\n\n<figure class=\"wp-block-image size-large\"><img loading=\"lazy\" decoding=\"async\" width=\"768\" height=\"1024\" data-id=\"93\" src=\"https:\/\/beta.metallbau-wicki.ch\/wp-content\/uploads\/2025\/11\/MW-140-768x1024.jpg\" alt=\"\" class=\"wp-image-93\" srcset=\"https:\/\/beta.metallbau-wicki.ch\/wp-content\/uploads\/2025\/11\/MW-140-768x1024.jpg 768w, https:\/\/beta.metallbau-wicki.ch\/wp-content\/uploads\/2025\/11\/MW-140-225x300.jpg 225w, https:\/\/beta.metallbau-wicki.ch\/wp-content\/uploads\/2025\/11\/MW-140-1152x1536.jpg 1152w, https:\/\/beta.metallbau-wicki.ch\/wp-content\/uploads\/2025\/11\/MW-140-1536x2048.jpg 1536w, https:\/\/beta.metallbau-wicki.ch\/wp-content\/uploads\/2025\/11\/MW-140-scaled.jpg 1920w\" sizes=\"(max-width: 768px) 100vw, 768px\" \/><\/figure>\n\n\n\n<figure class=\"wp-block-image size-large\"><img loading=\"lazy\" decoding=\"async\" width=\"768\" height=\"1024\" data-id=\"97\" src=\"https:\/\/beta.metallbau-wicki.ch\/wp-content\/uploads\/2025\/11\/MW-145-768x1024.jpg\" alt=\"\" class=\"wp-image-97\" srcset=\"https:\/\/beta.metallbau-wicki.ch\/wp-content\/uploads\/2025\/11\/MW-145-768x1024.jpg 768w, https:\/\/beta.metallbau-wicki.ch\/wp-content\/uploads\/2025\/11\/MW-145-225x300.jpg 225w, https:\/\/beta.metallbau-wicki.ch\/wp-content\/uploads\/2025\/11\/MW-145-1152x1536.jpg 1152w, https:\/\/beta.metallbau-wicki.ch\/wp-content\/uploads\/2025\/11\/MW-145-1536x2048.jpg 1536w, https:\/\/beta.metallbau-wicki.ch\/wp-content\/uploads\/2025\/11\/MW-145-scaled.jpg 1920w\" sizes=\"(max-width: 768px) 100vw, 768px\" \/><\/figure>\n\n\n\n<figure class=\"wp-block-image size-large\"><img loading=\"lazy\" decoding=\"async\" width=\"768\" height=\"1024\" data-id=\"95\" src=\"https:\/\/beta.metallbau-wicki.ch\/wp-content\/uploads\/2025\/11\/MW-143-768x1024.jpg\" alt=\"\" class=\"wp-image-95\" srcset=\"https:\/\/beta.metallbau-wicki.ch\/wp-content\/uploads\/2025\/11\/MW-143-768x1024.jpg 768w, https:\/\/beta.metallbau-wicki.ch\/wp-content\/uploads\/2025\/11\/MW-143-225x300.jpg 225w, https:\/\/beta.metallbau-wicki.ch\/wp-content\/uploads\/2025\/11\/MW-143-1152x1536.jpg 1152w, https:\/\/beta.metallbau-wicki.ch\/wp-content\/uploads\/2025\/11\/MW-143-1536x2048.jpg 1536w, https:\/\/beta.metallbau-wicki.ch\/wp-content\/uploads\/2025\/11\/MW-143-scaled.jpg 1920w\" sizes=\"(max-width: 768px) 100vw, 768px\" \/><\/figure>\n\n\n\n<figure class=\"wp-block-image size-large\"><img loading=\"lazy\" decoding=\"async\" width=\"768\" height=\"1024\" data-id=\"400\" src=\"https:\/\/beta.metallbau-wicki.ch\/wp-content\/uploads\/2025\/12\/20251106_145512-768x1024.jpg\" alt=\"\" class=\"wp-image-400\" srcset=\"https:\/\/beta.metallbau-wicki.ch\/wp-content\/uploads\/2025\/12\/20251106_145512-768x1024.jpg 768w, https:\/\/beta.metallbau-wicki.ch\/wp-content\/uploads\/2025\/12\/20251106_145512-225x300.jpg 225w, https:\/\/beta.metallbau-wicki.ch\/wp-content\/uploads\/2025\/12\/20251106_145512-1152x1536.jpg 1152w, https:\/\/beta.metallbau-wicki.ch\/wp-content\/uploads\/2025\/12\/20251106_145512-1536x2048.jpg 1536w, https:\/\/beta.metallbau-wicki.ch\/wp-content\/uploads\/2025\/12\/20251106_145512-scaled.jpg 1920w\" sizes=\"(max-width: 768px) 100vw, 768px\" \/><\/figure>\n\n\n\n<figure class=\"wp-block-image size-large\"><img loading=\"lazy\" decoding=\"async\" width=\"768\" height=\"1024\" data-id=\"399\" src=\"https:\/\/beta.metallbau-wicki.ch\/wp-content\/uploads\/2025\/12\/20251106_145500-768x1024.jpg\" alt=\"\" class=\"wp-image-399\" srcset=\"https:\/\/beta.metallbau-wicki.ch\/wp-content\/uploads\/2025\/12\/20251106_145500-768x1024.jpg 768w, https:\/\/beta.metallbau-wicki.ch\/wp-content\/uploads\/2025\/12\/20251106_145500-225x300.jpg 225w, https:\/\/beta.metallbau-wicki.ch\/wp-content\/uploads\/2025\/12\/20251106_145500-1152x1536.jpg 1152w, https:\/\/beta.metallbau-wicki.ch\/wp-content\/uploads\/2025\/12\/20251106_145500-1536x2048.jpg 1536w, https:\/\/beta.metallbau-wicki.ch\/wp-content\/uploads\/2025\/12\/20251106_145500-scaled.jpg 1920w\" sizes=\"(max-width: 768px) 100vw, 768px\" \/><\/figure>\n\n\n\n<figure class=\"wp-block-image size-large\"><img loading=\"lazy\" decoding=\"async\" width=\"768\" height=\"1024\" data-id=\"411\" src=\"https:\/\/beta.metallbau-wicki.ch\/wp-content\/uploads\/2025\/12\/20251106_145659-768x1024.jpg\" alt=\"\" class=\"wp-image-411\" srcset=\"https:\/\/beta.metallbau-wicki.ch\/wp-content\/uploads\/2025\/12\/20251106_145659-768x1024.jpg 768w, https:\/\/beta.metallbau-wicki.ch\/wp-content\/uploads\/2025\/12\/20251106_145659-225x300.jpg 225w, https:\/\/beta.metallbau-wicki.ch\/wp-content\/uploads\/2025\/12\/20251106_145659-1152x1536.jpg 1152w, https:\/\/beta.metallbau-wicki.ch\/wp-content\/uploads\/2025\/12\/20251106_145659-1536x2048.jpg 1536w, https:\/\/beta.metallbau-wicki.ch\/wp-content\/uploads\/2025\/12\/20251106_145659-scaled.jpg 1920w\" sizes=\"(max-width: 768px) 100vw, 768px\" \/><\/figure>\n<\/figure>\n<\/div>\n\n\n\n<h2 class=\"wp-block-heading alignwide has-text-align-center has-x-large-font-size\" style=\"margin-top:0;margin-bottom:var(--wp--preset--spacing--40);line-height:1\">So individuell wie Sie.<\/h2>\n\n\n\n<p><\/p>\n","protected":false},"excerpt":{"rendered":"<p>N\u00e4chsten Sommer auf deinem neuenBalkon relaxen? STANDARD-BALKONEFlexibel konfigurierbar in 0.5-m-Schritten biszu einer Gr\u00f6sse von 7 \u00d7 3 mAuch Sondergr\u00f6ssen m\u00f6glichAuswahl aus verschiedenen Gel\u00e4ndertypen Von Einfach bis speziell. So individuell wie Sie.<\/p>\n","protected":false},"author":1,"featured_media":0,"parent":0,"menu_order":0,"comment_status":"closed","ping_status":"closed","template":"","meta":{"footnotes":""},"class_list":["post-83","page","type-page","status-publish","hentry"],"_links":{"self":[{"href":"https:\/\/beta.metallbau-wicki.ch\/index.php\/wp-json\/wp\/v2\/pages\/83","targetHints":{"allow":["GET"]}}],"collection":[{"href":"https:\/\/beta.metallbau-wicki.ch\/index.php\/wp-json\/wp\/v2\/pages"}],"about":[{"href":"https:\/\/beta.metallbau-wicki.ch\/index.php\/wp-json\/wp\/v2\/types\/page"}],"author":[{"embeddable":true,"href":"https:\/\/beta.metallbau-wicki.ch\/index.php\/wp-json\/wp\/v2\/users\/1"}],"replies":[{"embeddable":true,"href":"https:\/\/beta.metallbau-wicki.ch\/index.php\/wp-json\/wp\/v2\/comments?post=83"}],"version-history":[{"count":28,"href":"https:\/\/beta.metallbau-wicki.ch\/index.php\/wp-json\/wp\/v2\/pages\/83\/revisions"}],"predecessor-version":[{"id":432,"href":"https:\/\/beta.metallbau-wicki.ch\/index.php\/wp-json\/wp\/v2\/pages\/83\/revisions\/432"}],"wp:attachment":[{"href":"https:\/\/beta.metallbau-wicki.ch\/index.php\/wp-json\/wp\/v2\/media?parent=83"}],"curies":[{"name":"wp","href":"https:\/\/api.w.org\/{rel}","templated":true}]}}