{"id":7,"date":"2024-04-23T19:49:05","date_gmt":"2024-04-23T19:49:05","guid":{"rendered":"https:\/\/beta.metallbau-wicki.ch\/?page_id=7"},"modified":"2025-12-05T19:30:45","modified_gmt":"2025-12-05T19:30:45","slug":"gelaender","status":"publish","type":"page","link":"https:\/\/beta.metallbau-wicki.ch\/index.php\/gelaender\/","title":{"rendered":"Gel\u00e4nder"},"content":{"rendered":"\n<figure class=\"wp-block-image size-large is-resized wp-duotone-unset-1\"><img fetchpriority=\"high\" decoding=\"async\" width=\"2560\" height=\"1440\" src=\"https:\/\/beta.metallbau-wicki.ch\/wp-content\/uploads\/2024\/04\/IMG_2759-edited-scaled.jpg\" alt=\"\" class=\"wp-image-29\" style=\"width:679px;height:auto\" srcset=\"https:\/\/beta.metallbau-wicki.ch\/wp-content\/uploads\/2024\/04\/IMG_2759-edited-scaled.jpg 2560w, https:\/\/beta.metallbau-wicki.ch\/wp-content\/uploads\/2024\/04\/IMG_2759-edited-300x169.jpg 300w, https:\/\/beta.metallbau-wicki.ch\/wp-content\/uploads\/2024\/04\/IMG_2759-edited-1024x576.jpg 1024w, https:\/\/beta.metallbau-wicki.ch\/wp-content\/uploads\/2024\/04\/IMG_2759-edited-768x432.jpg 768w, https:\/\/beta.metallbau-wicki.ch\/wp-content\/uploads\/2024\/04\/IMG_2759-edited-1536x864.jpg 1536w, https:\/\/beta.metallbau-wicki.ch\/wp-content\/uploads\/2024\/04\/IMG_2759-edited-2048x1152.jpg 2048w\" sizes=\"(max-width: 2560px) 100vw, 2560px\" \/><\/figure>\n\n\n\n<div style=\"height:var(--wp--preset--spacing--50)\" aria-hidden=\"true\" class=\"wp-block-spacer\"><\/div>\n\n\n\n<div class=\"wp-block-group alignwide has-global-padding is-layout-constrained wp-block-group-is-layout-constrained\">\n<h1 class=\"wp-block-heading alignwide has-xx-large-font-size\" style=\"line-height:1.2\">Wir erstellen f\u00fcr Sie individuelle Gel\u00e4nder passend auf Ihre Bed\u00fcrfnisse<\/h1>\n<\/div>\n\n\n\n<div class=\"wp-block-group has-global-padding is-layout-constrained wp-block-group-is-layout-constrained\">\n<div class=\"wp-block-columns are-vertically-aligned-center is-layout-flex wp-container-core-columns-is-layout-28f84493 wp-block-columns-is-layout-flex\">\n<div class=\"wp-block-column is-vertically-aligned-center is-layout-flow wp-block-column-is-layout-flow\" style=\"flex-basis:100%\">\n<figure class=\"wp-block-gallery has-nested-images columns-default is-cropped wp-block-gallery-2 is-layout-flex wp-block-gallery-is-layout-flex\">\n<figure class=\"wp-block-image size-large\"><img decoding=\"async\" width=\"768\" height=\"1024\" data-id=\"193\" src=\"https:\/\/beta.metallbau-wicki.ch\/wp-content\/uploads\/2025\/11\/MW-99-768x1024.jpg\" alt=\"\" class=\"wp-image-193\" srcset=\"https:\/\/beta.metallbau-wicki.ch\/wp-content\/uploads\/2025\/11\/MW-99-768x1024.jpg 768w, https:\/\/beta.metallbau-wicki.ch\/wp-content\/uploads\/2025\/11\/MW-99-225x300.jpg 225w, https:\/\/beta.metallbau-wicki.ch\/wp-content\/uploads\/2025\/11\/MW-99-1152x1536.jpg 1152w, https:\/\/beta.metallbau-wicki.ch\/wp-content\/uploads\/2025\/11\/MW-99-1536x2048.jpg 1536w, https:\/\/beta.metallbau-wicki.ch\/wp-content\/uploads\/2025\/11\/MW-99-scaled.jpg 1920w\" sizes=\"(max-width: 768px) 100vw, 768px\" \/><\/figure>\n\n\n\n<figure class=\"wp-block-image size-large\"><img decoding=\"async\" width=\"1024\" height=\"768\" data-id=\"191\" src=\"https:\/\/beta.metallbau-wicki.ch\/wp-content\/uploads\/2025\/11\/MW-93-1024x768.jpg\" alt=\"\" class=\"wp-image-191\" srcset=\"https:\/\/beta.metallbau-wicki.ch\/wp-content\/uploads\/2025\/11\/MW-93-1024x768.jpg 1024w, https:\/\/beta.metallbau-wicki.ch\/wp-content\/uploads\/2025\/11\/MW-93-300x225.jpg 300w, https:\/\/beta.metallbau-wicki.ch\/wp-content\/uploads\/2025\/11\/MW-93-768x576.jpg 768w, https:\/\/beta.metallbau-wicki.ch\/wp-content\/uploads\/2025\/11\/MW-93-1536x1152.jpg 1536w, https:\/\/beta.metallbau-wicki.ch\/wp-content\/uploads\/2025\/11\/MW-93-2048x1536.jpg 2048w\" sizes=\"(max-width: 1024px) 100vw, 1024px\" \/><\/figure>\n\n\n\n<figure class=\"wp-block-image size-large\"><img loading=\"lazy\" decoding=\"async\" width=\"768\" height=\"1024\" data-id=\"190\" src=\"https:\/\/beta.metallbau-wicki.ch\/wp-content\/uploads\/2025\/11\/MW-90-768x1024.jpg\" alt=\"\" class=\"wp-image-190\" srcset=\"https:\/\/beta.metallbau-wicki.ch\/wp-content\/uploads\/2025\/11\/MW-90-768x1024.jpg 768w, https:\/\/beta.metallbau-wicki.ch\/wp-content\/uploads\/2025\/11\/MW-90-225x300.jpg 225w, https:\/\/beta.metallbau-wicki.ch\/wp-content\/uploads\/2025\/11\/MW-90-1152x1536.jpg 1152w, https:\/\/beta.metallbau-wicki.ch\/wp-content\/uploads\/2025\/11\/MW-90-1536x2048.jpg 1536w, https:\/\/beta.metallbau-wicki.ch\/wp-content\/uploads\/2025\/11\/MW-90-scaled.jpg 1920w\" sizes=\"(max-width: 768px) 100vw, 768px\" \/><\/figure>\n\n\n\n<figure class=\"wp-block-image size-large\"><img loading=\"lazy\" decoding=\"async\" width=\"768\" height=\"1024\" data-id=\"178\" src=\"https:\/\/beta.metallbau-wicki.ch\/wp-content\/uploads\/2025\/11\/MW-73-768x1024.jpg\" alt=\"\" class=\"wp-image-178\" srcset=\"https:\/\/beta.metallbau-wicki.ch\/wp-content\/uploads\/2025\/11\/MW-73-768x1024.jpg 768w, https:\/\/beta.metallbau-wicki.ch\/wp-content\/uploads\/2025\/11\/MW-73-225x300.jpg 225w, https:\/\/beta.metallbau-wicki.ch\/wp-content\/uploads\/2025\/11\/MW-73-1152x1536.jpg 1152w, https:\/\/beta.metallbau-wicki.ch\/wp-content\/uploads\/2025\/11\/MW-73-1536x2048.jpg 1536w, https:\/\/beta.metallbau-wicki.ch\/wp-content\/uploads\/2025\/11\/MW-73-scaled.jpg 1920w\" sizes=\"(max-width: 768px) 100vw, 768px\" \/><\/figure>\n\n\n\n<figure class=\"wp-block-image size-large\"><img loading=\"lazy\" decoding=\"async\" width=\"768\" height=\"1024\" data-id=\"177\" src=\"https:\/\/beta.metallbau-wicki.ch\/wp-content\/uploads\/2025\/11\/MW-72-768x1024.jpg\" alt=\"\" class=\"wp-image-177\" srcset=\"https:\/\/beta.metallbau-wicki.ch\/wp-content\/uploads\/2025\/11\/MW-72-768x1024.jpg 768w, https:\/\/beta.metallbau-wicki.ch\/wp-content\/uploads\/2025\/11\/MW-72-225x300.jpg 225w, https:\/\/beta.metallbau-wicki.ch\/wp-content\/uploads\/2025\/11\/MW-72-1152x1536.jpg 1152w, https:\/\/beta.metallbau-wicki.ch\/wp-content\/uploads\/2025\/11\/MW-72-1536x2048.jpg 1536w, https:\/\/beta.metallbau-wicki.ch\/wp-content\/uploads\/2025\/11\/MW-72-scaled.jpg 1920w\" sizes=\"(max-width: 768px) 100vw, 768px\" \/><\/figure>\n\n\n\n<figure class=\"wp-block-image size-large\"><img loading=\"lazy\" decoding=\"async\" width=\"768\" height=\"1024\" data-id=\"176\" src=\"https:\/\/beta.metallbau-wicki.ch\/wp-content\/uploads\/2025\/11\/MW-71-768x1024.jpg\" alt=\"\" class=\"wp-image-176\" srcset=\"https:\/\/beta.metallbau-wicki.ch\/wp-content\/uploads\/2025\/11\/MW-71-768x1024.jpg 768w, https:\/\/beta.metallbau-wicki.ch\/wp-content\/uploads\/2025\/11\/MW-71-225x300.jpg 225w, https:\/\/beta.metallbau-wicki.ch\/wp-content\/uploads\/2025\/11\/MW-71-1152x1536.jpg 1152w, https:\/\/beta.metallbau-wicki.ch\/wp-content\/uploads\/2025\/11\/MW-71-1536x2048.jpg 1536w, https:\/\/beta.metallbau-wicki.ch\/wp-content\/uploads\/2025\/11\/MW-71-scaled.jpg 1920w\" sizes=\"(max-width: 768px) 100vw, 768px\" \/><\/figure>\n\n\n\n<figure class=\"wp-block-image size-large\"><img loading=\"lazy\" decoding=\"async\" width=\"768\" height=\"1024\" data-id=\"186\" src=\"https:\/\/beta.metallbau-wicki.ch\/wp-content\/uploads\/2025\/11\/MW-86-768x1024.jpg\" alt=\"\" class=\"wp-image-186\" srcset=\"https:\/\/beta.metallbau-wicki.ch\/wp-content\/uploads\/2025\/11\/MW-86-768x1024.jpg 768w, https:\/\/beta.metallbau-wicki.ch\/wp-content\/uploads\/2025\/11\/MW-86-225x300.jpg 225w, https:\/\/beta.metallbau-wicki.ch\/wp-content\/uploads\/2025\/11\/MW-86-1152x1536.jpg 1152w, https:\/\/beta.metallbau-wicki.ch\/wp-content\/uploads\/2025\/11\/MW-86-1536x2048.jpg 1536w, https:\/\/beta.metallbau-wicki.ch\/wp-content\/uploads\/2025\/11\/MW-86-scaled.jpg 1920w\" sizes=\"(max-width: 768px) 100vw, 768px\" \/><\/figure>\n\n\n\n<figure class=\"wp-block-image size-large\"><img loading=\"lazy\" decoding=\"async\" width=\"768\" height=\"1024\" data-id=\"163\" src=\"https:\/\/beta.metallbau-wicki.ch\/wp-content\/uploads\/2025\/11\/MW-45-768x1024.jpg\" alt=\"\" class=\"wp-image-163\" srcset=\"https:\/\/beta.metallbau-wicki.ch\/wp-content\/uploads\/2025\/11\/MW-45-768x1024.jpg 768w, https:\/\/beta.metallbau-wicki.ch\/wp-content\/uploads\/2025\/11\/MW-45-225x300.jpg 225w, https:\/\/beta.metallbau-wicki.ch\/wp-content\/uploads\/2025\/11\/MW-45-1152x1536.jpg 1152w, https:\/\/beta.metallbau-wicki.ch\/wp-content\/uploads\/2025\/11\/MW-45-1536x2048.jpg 1536w, https:\/\/beta.metallbau-wicki.ch\/wp-content\/uploads\/2025\/11\/MW-45-scaled.jpg 1920w\" sizes=\"(max-width: 768px) 100vw, 768px\" \/><\/figure>\n\n\n\n<figure class=\"wp-block-image size-large\"><img loading=\"lazy\" decoding=\"async\" width=\"1024\" height=\"768\" data-id=\"164\" src=\"https:\/\/beta.metallbau-wicki.ch\/wp-content\/uploads\/2025\/11\/MW-46-1024x768.jpg\" alt=\"\" class=\"wp-image-164\" srcset=\"https:\/\/beta.metallbau-wicki.ch\/wp-content\/uploads\/2025\/11\/MW-46-1024x768.jpg 1024w, https:\/\/beta.metallbau-wicki.ch\/wp-content\/uploads\/2025\/11\/MW-46-300x225.jpg 300w, https:\/\/beta.metallbau-wicki.ch\/wp-content\/uploads\/2025\/11\/MW-46-768x576.jpg 768w, https:\/\/beta.metallbau-wicki.ch\/wp-content\/uploads\/2025\/11\/MW-46-1536x1152.jpg 1536w, https:\/\/beta.metallbau-wicki.ch\/wp-content\/uploads\/2025\/11\/MW-46-2048x1536.jpg 2048w\" sizes=\"(max-width: 1024px) 100vw, 1024px\" \/><\/figure>\n\n\n\n<figure class=\"wp-block-image size-large\"><img loading=\"lazy\" decoding=\"async\" width=\"768\" height=\"1024\" data-id=\"169\" src=\"https:\/\/beta.metallbau-wicki.ch\/wp-content\/uploads\/2025\/11\/MW-57-768x1024.jpg\" alt=\"\" class=\"wp-image-169\" srcset=\"https:\/\/beta.metallbau-wicki.ch\/wp-content\/uploads\/2025\/11\/MW-57-768x1024.jpg 768w, https:\/\/beta.metallbau-wicki.ch\/wp-content\/uploads\/2025\/11\/MW-57-225x300.jpg 225w, https:\/\/beta.metallbau-wicki.ch\/wp-content\/uploads\/2025\/11\/MW-57-1152x1536.jpg 1152w, https:\/\/beta.metallbau-wicki.ch\/wp-content\/uploads\/2025\/11\/MW-57-1536x2048.jpg 1536w, https:\/\/beta.metallbau-wicki.ch\/wp-content\/uploads\/2025\/11\/MW-57-scaled.jpg 1920w\" sizes=\"(max-width: 768px) 100vw, 768px\" \/><\/figure>\n\n\n\n<figure class=\"wp-block-image size-large\"><img loading=\"lazy\" decoding=\"async\" width=\"1024\" height=\"768\" data-id=\"170\" src=\"https:\/\/beta.metallbau-wicki.ch\/wp-content\/uploads\/2025\/11\/MW-58-1024x768.jpg\" alt=\"\" class=\"wp-image-170\" srcset=\"https:\/\/beta.metallbau-wicki.ch\/wp-content\/uploads\/2025\/11\/MW-58-1024x768.jpg 1024w, https:\/\/beta.metallbau-wicki.ch\/wp-content\/uploads\/2025\/11\/MW-58-300x225.jpg 300w, https:\/\/beta.metallbau-wicki.ch\/wp-content\/uploads\/2025\/11\/MW-58-768x576.jpg 768w, https:\/\/beta.metallbau-wicki.ch\/wp-content\/uploads\/2025\/11\/MW-58-1536x1152.jpg 1536w, https:\/\/beta.metallbau-wicki.ch\/wp-content\/uploads\/2025\/11\/MW-58-2048x1536.jpg 2048w\" sizes=\"(max-width: 1024px) 100vw, 1024px\" \/><figcaption class=\"wp-element-caption\"> <\/figcaption><\/figure>\n\n\n\n<figure class=\"wp-block-image size-large\"><img loading=\"lazy\" decoding=\"async\" width=\"1024\" height=\"512\" data-id=\"158\" src=\"https:\/\/beta.metallbau-wicki.ch\/wp-content\/uploads\/2025\/11\/MW-21-1024x512.jpg\" alt=\"\" class=\"wp-image-158\" srcset=\"https:\/\/beta.metallbau-wicki.ch\/wp-content\/uploads\/2025\/11\/MW-21-1024x512.jpg 1024w, https:\/\/beta.metallbau-wicki.ch\/wp-content\/uploads\/2025\/11\/MW-21-300x150.jpg 300w, https:\/\/beta.metallbau-wicki.ch\/wp-content\/uploads\/2025\/11\/MW-21-768x384.jpg 768w, https:\/\/beta.metallbau-wicki.ch\/wp-content\/uploads\/2025\/11\/MW-21-1536x768.jpg 1536w, https:\/\/beta.metallbau-wicki.ch\/wp-content\/uploads\/2025\/11\/MW-21-2048x1024.jpg 2048w\" sizes=\"(max-width: 1024px) 100vw, 1024px\" \/><\/figure>\n\n\n\n<figure class=\"wp-block-image size-large\"><img loading=\"lazy\" decoding=\"async\" width=\"768\" height=\"1024\" data-id=\"157\" src=\"https:\/\/beta.metallbau-wicki.ch\/wp-content\/uploads\/2025\/11\/MW-194-768x1024.jpg\" alt=\"\" class=\"wp-image-157\" srcset=\"https:\/\/beta.metallbau-wicki.ch\/wp-content\/uploads\/2025\/11\/MW-194-768x1024.jpg 768w, https:\/\/beta.metallbau-wicki.ch\/wp-content\/uploads\/2025\/11\/MW-194-225x300.jpg 225w, https:\/\/beta.metallbau-wicki.ch\/wp-content\/uploads\/2025\/11\/MW-194-1152x1536.jpg 1152w, https:\/\/beta.metallbau-wicki.ch\/wp-content\/uploads\/2025\/11\/MW-194-1536x2048.jpg 1536w, https:\/\/beta.metallbau-wicki.ch\/wp-content\/uploads\/2025\/11\/MW-194-scaled.jpg 1920w\" sizes=\"(max-width: 768px) 100vw, 768px\" \/><\/figure>\n\n\n\n<figure class=\"wp-block-image size-large\"><img loading=\"lazy\" decoding=\"async\" width=\"768\" height=\"1024\" data-id=\"154\" src=\"https:\/\/beta.metallbau-wicki.ch\/wp-content\/uploads\/2025\/11\/MW-182-768x1024.jpg\" alt=\"\" class=\"wp-image-154\" srcset=\"https:\/\/beta.metallbau-wicki.ch\/wp-content\/uploads\/2025\/11\/MW-182-768x1024.jpg 768w, https:\/\/beta.metallbau-wicki.ch\/wp-content\/uploads\/2025\/11\/MW-182-225x300.jpg 225w, https:\/\/beta.metallbau-wicki.ch\/wp-content\/uploads\/2025\/11\/MW-182-1152x1536.jpg 1152w, https:\/\/beta.metallbau-wicki.ch\/wp-content\/uploads\/2025\/11\/MW-182-1536x2048.jpg 1536w, https:\/\/beta.metallbau-wicki.ch\/wp-content\/uploads\/2025\/11\/MW-182-scaled.jpg 1920w\" sizes=\"(max-width: 768px) 100vw, 768px\" \/><\/figure>\n\n\n\n<figure class=\"wp-block-image size-large\"><img loading=\"lazy\" decoding=\"async\" width=\"1024\" height=\"768\" data-id=\"151\" src=\"https:\/\/beta.metallbau-wicki.ch\/wp-content\/uploads\/2025\/11\/MW-177-1024x768.jpg\" alt=\"\" class=\"wp-image-151\" srcset=\"https:\/\/beta.metallbau-wicki.ch\/wp-content\/uploads\/2025\/11\/MW-177-1024x768.jpg 1024w, https:\/\/beta.metallbau-wicki.ch\/wp-content\/uploads\/2025\/11\/MW-177-300x225.jpg 300w, https:\/\/beta.metallbau-wicki.ch\/wp-content\/uploads\/2025\/11\/MW-177-768x576.jpg 768w, https:\/\/beta.metallbau-wicki.ch\/wp-content\/uploads\/2025\/11\/MW-177-1536x1152.jpg 1536w, https:\/\/beta.metallbau-wicki.ch\/wp-content\/uploads\/2025\/11\/MW-177-2048x1536.jpg 2048w\" sizes=\"(max-width: 1024px) 100vw, 1024px\" \/><\/figure>\n\n\n\n<figure class=\"wp-block-image size-large\"><img loading=\"lazy\" decoding=\"async\" width=\"768\" height=\"1024\" data-id=\"148\" src=\"https:\/\/beta.metallbau-wicki.ch\/wp-content\/uploads\/2025\/11\/MW-173-768x1024.jpg\" alt=\"\" class=\"wp-image-148\" srcset=\"https:\/\/beta.metallbau-wicki.ch\/wp-content\/uploads\/2025\/11\/MW-173-768x1024.jpg 768w, https:\/\/beta.metallbau-wicki.ch\/wp-content\/uploads\/2025\/11\/MW-173-225x300.jpg 225w, https:\/\/beta.metallbau-wicki.ch\/wp-content\/uploads\/2025\/11\/MW-173-1152x1536.jpg 1152w, https:\/\/beta.metallbau-wicki.ch\/wp-content\/uploads\/2025\/11\/MW-173-1536x2048.jpg 1536w, https:\/\/beta.metallbau-wicki.ch\/wp-content\/uploads\/2025\/11\/MW-173-scaled.jpg 1920w\" sizes=\"(max-width: 768px) 100vw, 768px\" \/><\/figure>\n\n\n\n<figure class=\"wp-block-image size-large\"><img loading=\"lazy\" decoding=\"async\" width=\"768\" height=\"1024\" data-id=\"145\" src=\"https:\/\/beta.metallbau-wicki.ch\/wp-content\/uploads\/2025\/11\/MW-170-768x1024.jpg\" alt=\"\" class=\"wp-image-145\" srcset=\"https:\/\/beta.metallbau-wicki.ch\/wp-content\/uploads\/2025\/11\/MW-170-768x1024.jpg 768w, https:\/\/beta.metallbau-wicki.ch\/wp-content\/uploads\/2025\/11\/MW-170-225x300.jpg 225w, https:\/\/beta.metallbau-wicki.ch\/wp-content\/uploads\/2025\/11\/MW-170-1152x1536.jpg 1152w, https:\/\/beta.metallbau-wicki.ch\/wp-content\/uploads\/2025\/11\/MW-170-1536x2048.jpg 1536w, https:\/\/beta.metallbau-wicki.ch\/wp-content\/uploads\/2025\/11\/MW-170-scaled.jpg 1920w\" sizes=\"(max-width: 768px) 100vw, 768px\" \/><\/figure>\n\n\n\n<figure class=\"wp-block-image size-large\"><img loading=\"lazy\" decoding=\"async\" width=\"768\" height=\"1024\" data-id=\"146\" src=\"https:\/\/beta.metallbau-wicki.ch\/wp-content\/uploads\/2025\/11\/MW-171-768x1024.jpg\" alt=\"\" class=\"wp-image-146\" srcset=\"https:\/\/beta.metallbau-wicki.ch\/wp-content\/uploads\/2025\/11\/MW-171-768x1024.jpg 768w, https:\/\/beta.metallbau-wicki.ch\/wp-content\/uploads\/2025\/11\/MW-171-225x300.jpg 225w, https:\/\/beta.metallbau-wicki.ch\/wp-content\/uploads\/2025\/11\/MW-171-1152x1536.jpg 1152w, https:\/\/beta.metallbau-wicki.ch\/wp-content\/uploads\/2025\/11\/MW-171-1536x2048.jpg 1536w, https:\/\/beta.metallbau-wicki.ch\/wp-content\/uploads\/2025\/11\/MW-171-scaled.jpg 1920w\" sizes=\"(max-width: 768px) 100vw, 768px\" \/><\/figure>\n\n\n\n<figure class=\"wp-block-image size-large\"><img loading=\"lazy\" decoding=\"async\" width=\"1024\" height=\"768\" data-id=\"153\" src=\"https:\/\/beta.metallbau-wicki.ch\/wp-content\/uploads\/2025\/11\/MW-181-1024x768.jpg\" alt=\"\" class=\"wp-image-153\" srcset=\"https:\/\/beta.metallbau-wicki.ch\/wp-content\/uploads\/2025\/11\/MW-181-1024x768.jpg 1024w, https:\/\/beta.metallbau-wicki.ch\/wp-content\/uploads\/2025\/11\/MW-181-300x225.jpg 300w, https:\/\/beta.metallbau-wicki.ch\/wp-content\/uploads\/2025\/11\/MW-181-768x576.jpg 768w, https:\/\/beta.metallbau-wicki.ch\/wp-content\/uploads\/2025\/11\/MW-181-1536x1152.jpg 1536w, https:\/\/beta.metallbau-wicki.ch\/wp-content\/uploads\/2025\/11\/MW-181-2048x1536.jpg 2048w\" sizes=\"(max-width: 1024px) 100vw, 1024px\" \/><\/figure>\n\n\n\n<figure class=\"wp-block-image size-large\"><img loading=\"lazy\" decoding=\"async\" width=\"768\" height=\"1024\" data-id=\"133\" src=\"https:\/\/beta.metallbau-wicki.ch\/wp-content\/uploads\/2025\/11\/MW-134-768x1024.jpg\" alt=\"\" class=\"wp-image-133\" srcset=\"https:\/\/beta.metallbau-wicki.ch\/wp-content\/uploads\/2025\/11\/MW-134-768x1024.jpg 768w, https:\/\/beta.metallbau-wicki.ch\/wp-content\/uploads\/2025\/11\/MW-134-225x300.jpg 225w, https:\/\/beta.metallbau-wicki.ch\/wp-content\/uploads\/2025\/11\/MW-134-1152x1536.jpg 1152w, https:\/\/beta.metallbau-wicki.ch\/wp-content\/uploads\/2025\/11\/MW-134-1536x2048.jpg 1536w, https:\/\/beta.metallbau-wicki.ch\/wp-content\/uploads\/2025\/11\/MW-134-scaled.jpg 1920w\" sizes=\"(max-width: 768px) 100vw, 768px\" \/><\/figure>\n\n\n\n<figure class=\"wp-block-image size-large\"><img loading=\"lazy\" decoding=\"async\" width=\"1024\" height=\"512\" data-id=\"131\" src=\"https:\/\/beta.metallbau-wicki.ch\/wp-content\/uploads\/2025\/11\/MW-13-1024x512.jpg\" alt=\"\" class=\"wp-image-131\" srcset=\"https:\/\/beta.metallbau-wicki.ch\/wp-content\/uploads\/2025\/11\/MW-13-1024x512.jpg 1024w, https:\/\/beta.metallbau-wicki.ch\/wp-content\/uploads\/2025\/11\/MW-13-300x150.jpg 300w, https:\/\/beta.metallbau-wicki.ch\/wp-content\/uploads\/2025\/11\/MW-13-768x384.jpg 768w, https:\/\/beta.metallbau-wicki.ch\/wp-content\/uploads\/2025\/11\/MW-13-1536x768.jpg 1536w, https:\/\/beta.metallbau-wicki.ch\/wp-content\/uploads\/2025\/11\/MW-13-2048x1024.jpg 2048w\" sizes=\"(max-width: 1024px) 100vw, 1024px\" \/><\/figure>\n\n\n\n<figure class=\"wp-block-image size-large\"><img loading=\"lazy\" decoding=\"async\" width=\"768\" height=\"1024\" data-id=\"130\" src=\"https:\/\/beta.metallbau-wicki.ch\/wp-content\/uploads\/2025\/11\/MW-126-768x1024.jpg\" alt=\"\" class=\"wp-image-130\" srcset=\"https:\/\/beta.metallbau-wicki.ch\/wp-content\/uploads\/2025\/11\/MW-126-768x1024.jpg 768w, https:\/\/beta.metallbau-wicki.ch\/wp-content\/uploads\/2025\/11\/MW-126-225x300.jpg 225w, https:\/\/beta.metallbau-wicki.ch\/wp-content\/uploads\/2025\/11\/MW-126-1152x1536.jpg 1152w, https:\/\/beta.metallbau-wicki.ch\/wp-content\/uploads\/2025\/11\/MW-126-1536x2048.jpg 1536w, https:\/\/beta.metallbau-wicki.ch\/wp-content\/uploads\/2025\/11\/MW-126-scaled.jpg 1920w\" sizes=\"(max-width: 768px) 100vw, 768px\" \/><\/figure>\n\n\n\n<figure class=\"wp-block-image size-large\"><img loading=\"lazy\" decoding=\"async\" width=\"768\" height=\"1024\" data-id=\"129\" src=\"https:\/\/beta.metallbau-wicki.ch\/wp-content\/uploads\/2025\/11\/MW-125-768x1024.jpg\" alt=\"\" class=\"wp-image-129\" srcset=\"https:\/\/beta.metallbau-wicki.ch\/wp-content\/uploads\/2025\/11\/MW-125-768x1024.jpg 768w, https:\/\/beta.metallbau-wicki.ch\/wp-content\/uploads\/2025\/11\/MW-125-225x300.jpg 225w, https:\/\/beta.metallbau-wicki.ch\/wp-content\/uploads\/2025\/11\/MW-125-1152x1536.jpg 1152w, https:\/\/beta.metallbau-wicki.ch\/wp-content\/uploads\/2025\/11\/MW-125-1536x2048.jpg 1536w, https:\/\/beta.metallbau-wicki.ch\/wp-content\/uploads\/2025\/11\/MW-125-scaled.jpg 1920w\" sizes=\"(max-width: 768px) 100vw, 768px\" \/><\/figure>\n\n\n\n<figure class=\"wp-block-image size-large\"><img loading=\"lazy\" decoding=\"async\" width=\"683\" height=\"1024\" data-id=\"123\" src=\"https:\/\/beta.metallbau-wicki.ch\/wp-content\/uploads\/2025\/11\/MW-11-683x1024.jpg\" alt=\"\" class=\"wp-image-123\" srcset=\"https:\/\/beta.metallbau-wicki.ch\/wp-content\/uploads\/2025\/11\/MW-11-683x1024.jpg 683w, https:\/\/beta.metallbau-wicki.ch\/wp-content\/uploads\/2025\/11\/MW-11-200x300.jpg 200w, https:\/\/beta.metallbau-wicki.ch\/wp-content\/uploads\/2025\/11\/MW-11-768x1151.jpg 768w, https:\/\/beta.metallbau-wicki.ch\/wp-content\/uploads\/2025\/11\/MW-11-1025x1536.jpg 1025w, https:\/\/beta.metallbau-wicki.ch\/wp-content\/uploads\/2025\/11\/MW-11-1367x2048.jpg 1367w, https:\/\/beta.metallbau-wicki.ch\/wp-content\/uploads\/2025\/11\/MW-11-scaled.jpg 1708w\" sizes=\"(max-width: 683px) 100vw, 683px\" \/><\/figure>\n\n\n\n<figure class=\"wp-block-image size-large\"><img loading=\"lazy\" decoding=\"async\" width=\"768\" height=\"1024\" data-id=\"417\" src=\"https:\/\/beta.metallbau-wicki.ch\/wp-content\/uploads\/2025\/12\/20250514_161626-768x1024.jpg\" alt=\"\" class=\"wp-image-417\" srcset=\"https:\/\/beta.metallbau-wicki.ch\/wp-content\/uploads\/2025\/12\/20250514_161626-768x1024.jpg 768w, https:\/\/beta.metallbau-wicki.ch\/wp-content\/uploads\/2025\/12\/20250514_161626-225x300.jpg 225w, https:\/\/beta.metallbau-wicki.ch\/wp-content\/uploads\/2025\/12\/20250514_161626-1152x1536.jpg 1152w, https:\/\/beta.metallbau-wicki.ch\/wp-content\/uploads\/2025\/12\/20250514_161626-1536x2048.jpg 1536w, https:\/\/beta.metallbau-wicki.ch\/wp-content\/uploads\/2025\/12\/20250514_161626-scaled.jpg 1920w\" sizes=\"(max-width: 768px) 100vw, 768px\" \/><\/figure>\n\n\n\n<figure class=\"wp-block-image size-large\"><img loading=\"lazy\" decoding=\"async\" width=\"1024\" height=\"768\" data-id=\"418\" src=\"https:\/\/beta.metallbau-wicki.ch\/wp-content\/uploads\/2025\/12\/20250813_121228-1024x768.jpg\" alt=\"\" class=\"wp-image-418\" srcset=\"https:\/\/beta.metallbau-wicki.ch\/wp-content\/uploads\/2025\/12\/20250813_121228-1024x768.jpg 1024w, https:\/\/beta.metallbau-wicki.ch\/wp-content\/uploads\/2025\/12\/20250813_121228-300x225.jpg 300w, https:\/\/beta.metallbau-wicki.ch\/wp-content\/uploads\/2025\/12\/20250813_121228-768x576.jpg 768w\" sizes=\"(max-width: 1024px) 100vw, 1024px\" \/><\/figure>\n\n\n\n<figure class=\"wp-block-image size-large\"><img loading=\"lazy\" decoding=\"async\" width=\"1024\" height=\"512\" data-id=\"118\" src=\"https:\/\/beta.metallbau-wicki.ch\/wp-content\/uploads\/2025\/11\/MW-07-1024x512.jpg\" alt=\"\" class=\"wp-image-118\" srcset=\"https:\/\/beta.metallbau-wicki.ch\/wp-content\/uploads\/2025\/11\/MW-07-1024x512.jpg 1024w, https:\/\/beta.metallbau-wicki.ch\/wp-content\/uploads\/2025\/11\/MW-07-300x150.jpg 300w, https:\/\/beta.metallbau-wicki.ch\/wp-content\/uploads\/2025\/11\/MW-07-768x384.jpg 768w, https:\/\/beta.metallbau-wicki.ch\/wp-content\/uploads\/2025\/11\/MW-07-1536x768.jpg 1536w, https:\/\/beta.metallbau-wicki.ch\/wp-content\/uploads\/2025\/11\/MW-07-2048x1024.jpg 2048w\" sizes=\"(max-width: 1024px) 100vw, 1024px\" \/><\/figure>\n<\/figure>\n<\/div>\n<\/div>\n<\/div>\n","protected":false},"excerpt":{"rendered":"","protected":false},"author":1,"featured_media":8,"parent":0,"menu_order":0,"comment_status":"closed","ping_status":"closed","template":"","meta":{"footnotes":""},"class_list":["post-7","page","type-page","status-publish","has-post-thumbnail","hentry"],"_links":{"self":[{"href":"https:\/\/beta.metallbau-wicki.ch\/index.php\/wp-json\/wp\/v2\/pages\/7","targetHints":{"allow":["GET"]}}],"collection":[{"href":"https:\/\/beta.metallbau-wicki.ch\/index.php\/wp-json\/wp\/v2\/pages"}],"about":[{"href":"https:\/\/beta.metallbau-wicki.ch\/index.php\/wp-json\/wp\/v2\/types\/page"}],"author":[{"embeddable":true,"href":"https:\/\/beta.metallbau-wicki.ch\/index.php\/wp-json\/wp\/v2\/users\/1"}],"replies":[{"embeddable":true,"href":"https:\/\/beta.metallbau-wicki.ch\/index.php\/wp-json\/wp\/v2\/comments?post=7"}],"version-history":[{"count":4,"href":"https:\/\/beta.metallbau-wicki.ch\/index.php\/wp-json\/wp\/v2\/pages\/7\/revisions"}],"predecessor-version":[{"id":370,"href":"https:\/\/beta.metallbau-wicki.ch\/index.php\/wp-json\/wp\/v2\/pages\/7\/revisions\/370"}],"wp:featuredmedia":[{"embeddable":true,"href":"https:\/\/beta.metallbau-wicki.ch\/index.php\/wp-json\/wp\/v2\/media\/8"}],"wp:attachment":[{"href":"https:\/\/beta.metallbau-wicki.ch\/index.php\/wp-json\/wp\/v2\/media?parent=7"}],"curies":[{"name":"wp","href":"https:\/\/api.w.org\/{rel}","templated":true}]}}