{"id":47,"date":"2024-04-25T20:20:58","date_gmt":"2024-04-25T20:20:58","guid":{"rendered":"https:\/\/beta.metallbau-wicki.ch\/?page_id=47"},"modified":"2025-12-06T13:30:56","modified_gmt":"2025-12-06T13:30:56","slug":"ueber-uns","status":"publish","type":"page","link":"https:\/\/beta.metallbau-wicki.ch\/index.php\/ueber-uns\/","title":{"rendered":"\u00dcber Uns"},"content":{"rendered":"\n<div class=\"wp-block-group alignfull has-accent-background-color has-background has-global-padding is-layout-constrained wp-container-core-group-is-layout-669513ed wp-block-group-is-layout-constrained\" style=\"margin-top:0;margin-bottom:0;padding-top:var(--wp--preset--spacing--50);padding-right:var(--wp--preset--spacing--50);padding-bottom:var(--wp--preset--spacing--50);padding-left:var(--wp--preset--spacing--50)\">\n<div class=\"wp-block-columns alignwide is-layout-flex wp-container-core-columns-is-layout-1da03c2a wp-block-columns-is-layout-flex\">\n<div class=\"wp-block-column is-vertically-aligned-stretch is-layout-flow wp-block-column-is-layout-flow\" style=\"flex-basis:50%\">\n<div class=\"wp-block-group is-vertical is-content-justification-stretch is-layout-flex wp-container-core-group-is-layout-444d5ee8 wp-block-group-is-layout-flex\" style=\"min-height:100%\">\n<p class=\"has-heading-font-family has-x-large-font-size\" style=\"line-height:1.2\">Wir sind ein kleines Unternhemen das f\u00fcr Sie schnell und unkompliziert L\u00f6sungen findet.<\/p>\n\n\n\n<div class=\"wp-block-group has-global-padding is-content-justification-left is-layout-constrained wp-container-core-group-is-layout-9fe8ed88 wp-block-group-is-layout-constrained\">\n<p class=\"wp-container-content-0733e5d0\"><\/p>\n\n\n\n<div class=\"wp-block-buttons is-layout-flex wp-block-buttons-is-layout-flex\"><\/div>\n<\/div>\n<\/div>\n<\/div>\n\n\n\n<div class=\"wp-block-column is-vertically-aligned-center is-layout-flow wp-block-column-is-layout-flow\" style=\"flex-basis:50%\">\n<figure class=\"wp-block-image size-large is-style-rounded is-style-rounded--1\"><img fetchpriority=\"high\" decoding=\"async\" width=\"768\" height=\"1024\" src=\"https:\/\/beta.metallbau-wicki.ch\/wp-content\/uploads\/2025\/11\/Daniel-768x1024.jpg\" alt=\"\" class=\"wp-image-338\" style=\"aspect-ratio:3\/4;object-fit:cover\" srcset=\"https:\/\/beta.metallbau-wicki.ch\/wp-content\/uploads\/2025\/11\/Daniel-768x1024.jpg 768w, https:\/\/beta.metallbau-wicki.ch\/wp-content\/uploads\/2025\/11\/Daniel-225x300.jpg 225w, https:\/\/beta.metallbau-wicki.ch\/wp-content\/uploads\/2025\/11\/Daniel-1152x1536.jpg 1152w, https:\/\/beta.metallbau-wicki.ch\/wp-content\/uploads\/2025\/11\/Daniel.jpg 1536w\" sizes=\"(max-width: 768px) 100vw, 768px\" \/><\/figure>\n<\/div>\n<\/div>\n<\/div>\n\n\n\n<div class=\"wp-block-group alignfull has-base-background-color has-background has-global-padding is-layout-constrained wp-container-core-group-is-layout-d89aad35 wp-block-group-is-layout-constrained\" style=\"margin-top:0;margin-bottom:0;padding-top:var(--wp--preset--spacing--50);padding-right:var(--wp--preset--spacing--50);padding-bottom:var(--wp--preset--spacing--50);padding-left:var(--wp--preset--spacing--50)\">\n<div class=\"wp-block-columns alignwide is-layout-flex wp-container-core-columns-is-layout-549b0c86 wp-block-columns-is-layout-flex\">\n<div class=\"wp-block-column has-global-padding is-content-justification-left is-layout-constrained wp-container-core-column-is-layout-74cbbf86 wp-block-column-is-layout-constrained\" style=\"flex-basis:70%\">\n<iframe src=\"https:\/\/www.google.com\/maps\/embed?pb=!1m18!1m12!1m3!1d4527.955793891064!2d8.066856276361257!3d47.04223827114363!2m3!1f0!2f0!3f0!3m2!1i1024!2i768!4f13.1!3m3!1m2!1s0x478fe7821d8e1e17%3A0x484bd1a17b8a90a9!2sMetallbau%20Wicki!5e1!3m2!1sde!2sch!4v1764177956844!5m2!1sde!2sch\" width=\"600\" height=\"450\" style=\"border:0;\" allowfullscreen=\"\" loading=\"lazy\" referrerpolicy=\"no-referrer-when-downgrade\"><\/iframe>\n<\/div>\n\n\n\n<div class=\"wp-block-column is-layout-flow wp-container-core-column-is-layout-119bc444 wp-block-column-is-layout-flow\" style=\"flex-basis:30%\">\n<p class=\"has-heading-font-family has-x-large-font-size\" style=\"line-height:1.2\">Wir haben nun schon \u00fcber 12 Jahre unseren Standort in Wolhusen.<\/p>\n<\/div>\n<\/div>\n<\/div>\n\n\n\n<p class=\"has-text-align-center\">Wir sind auch Zertifizert nach:<\/p>\n\n\n\n<div class=\"wp-block-group alignfull has-global-padding is-layout-constrained wp-container-core-group-is-layout-d89aad35 wp-block-group-is-layout-constrained\" style=\"margin-top:0;margin-bottom:0;padding-top:var(--wp--preset--spacing--50);padding-right:var(--wp--preset--spacing--50);padding-bottom:var(--wp--preset--spacing--50);padding-left:var(--wp--preset--spacing--50)\">\n<ul class=\"wp-block-list\">\n<li>EN 1090<\/li>\n<\/ul>\n<\/div>\n\n\n\n<div class=\"wp-block-group alignfull has-global-padding is-layout-constrained wp-container-core-group-is-layout-d89aad35 wp-block-group-is-layout-constrained\" style=\"margin-top:0;margin-bottom:0;padding-top:var(--wp--preset--spacing--50);padding-right:var(--wp--preset--spacing--50);padding-bottom:var(--wp--preset--spacing--50);padding-left:var(--wp--preset--spacing--50)\"><\/div>\n\n\n\n<p><\/p>\n","protected":false},"excerpt":{"rendered":"<p>Wir sind ein kleines Unternhemen das f\u00fcr Sie schnell und unkompliziert L\u00f6sungen findet. Wir haben nun schon \u00fcber 12 Jahre unseren Standort in Wolhusen. Wir sind auch Zertifizert nach:<\/p>\n","protected":false},"author":1,"featured_media":0,"parent":0,"menu_order":0,"comment_status":"closed","ping_status":"closed","template":"","meta":{"footnotes":""},"class_list":["post-47","page","type-page","status-publish","hentry"],"_links":{"self":[{"href":"https:\/\/beta.metallbau-wicki.ch\/index.php\/wp-json\/wp\/v2\/pages\/47","targetHints":{"allow":["GET"]}}],"collection":[{"href":"https:\/\/beta.metallbau-wicki.ch\/index.php\/wp-json\/wp\/v2\/pages"}],"about":[{"href":"https:\/\/beta.metallbau-wicki.ch\/index.php\/wp-json\/wp\/v2\/types\/page"}],"author":[{"embeddable":true,"href":"https:\/\/beta.metallbau-wicki.ch\/index.php\/wp-json\/wp\/v2\/users\/1"}],"replies":[{"embeddable":true,"href":"https:\/\/beta.metallbau-wicki.ch\/index.php\/wp-json\/wp\/v2\/comments?post=47"}],"version-history":[{"count":10,"href":"https:\/\/beta.metallbau-wicki.ch\/index.php\/wp-json\/wp\/v2\/pages\/47\/revisions"}],"predecessor-version":[{"id":403,"href":"https:\/\/beta.metallbau-wicki.ch\/index.php\/wp-json\/wp\/v2\/pages\/47\/revisions\/403"}],"wp:attachment":[{"href":"https:\/\/beta.metallbau-wicki.ch\/index.php\/wp-json\/wp\/v2\/media?parent=47"}],"curies":[{"name":"wp","href":"https:\/\/api.w.org\/{rel}","templated":true}]}}