{"id":303,"date":"2025-11-26T16:19:17","date_gmt":"2025-11-26T16:19:17","guid":{"rendered":"https:\/\/beta.metallbau-wicki.ch\/?page_id=303"},"modified":"2025-12-05T19:27:06","modified_gmt":"2025-12-05T19:27:06","slug":"treppen","status":"publish","type":"page","link":"https:\/\/beta.metallbau-wicki.ch\/index.php\/treppen\/","title":{"rendered":"Treppen"},"content":{"rendered":"\n<div class=\"wp-block-group alignwide is-vertical is-layout-flex wp-container-core-group-is-layout-fe9cc265 wp-block-group-is-layout-flex\">\n<figure class=\"wp-block-image alignleft size-large\"><img fetchpriority=\"high\" decoding=\"async\" width=\"1024\" height=\"683\" src=\"https:\/\/beta.metallbau-wicki.ch\/wp-content\/uploads\/2025\/11\/MW-139-edited-1024x683.jpg\" alt=\"\" class=\"wp-image-359\" style=\"box-shadow:var(--wp--preset--shadow--natural)\" srcset=\"https:\/\/beta.metallbau-wicki.ch\/wp-content\/uploads\/2025\/11\/MW-139-edited-1024x683.jpg 1024w, https:\/\/beta.metallbau-wicki.ch\/wp-content\/uploads\/2025\/11\/MW-139-edited-300x200.jpg 300w, https:\/\/beta.metallbau-wicki.ch\/wp-content\/uploads\/2025\/11\/MW-139-edited-768x512.jpg 768w, https:\/\/beta.metallbau-wicki.ch\/wp-content\/uploads\/2025\/11\/MW-139-edited-1536x1024.jpg 1536w, https:\/\/beta.metallbau-wicki.ch\/wp-content\/uploads\/2025\/11\/MW-139-edited-2048x1365.jpg 2048w\" sizes=\"(max-width: 1024px) 100vw, 1024px\" \/><\/figure>\n\n\n\n<h6 class=\"wp-block-heading alignwide is-style-default has-medium-font-size\" style=\"margin-right:var(--wp--preset--spacing--60);margin-left:var(--wp--preset--spacing--60);line-height:1.2\">Entdecken Sie die Vielfalt unserer Metalltreppenkonstruktionen. Jedes Projekt ist ein Unikat, das pr\u00e4zises Handwerk mit durchdachter Funktionalit\u00e4t verbindet. Von minimalistischen Stahltreppen f\u00fcr moderne Architektur bis hin zu robusten Industrietreppen \u2013 unsere Referenzen zeigen, was m\u00f6glich ist.<\/h6>\n<\/div>\n\n\n\n<div class=\"wp-block-columns is-layout-flex wp-container-core-columns-is-layout-28f84493 wp-block-columns-is-layout-flex\">\n<div class=\"wp-block-column is-layout-flow wp-block-column-is-layout-flow\">\n<figure class=\"wp-block-gallery has-nested-images columns-default is-cropped wp-block-gallery-1 is-layout-flex wp-block-gallery-is-layout-flex\">\n<figure class=\"wp-block-image size-large\"><img decoding=\"async\" width=\"768\" height=\"1024\" data-id=\"210\" src=\"https:\/\/beta.metallbau-wicki.ch\/wp-content\/uploads\/2025\/11\/MW-101-768x1024.jpg\" alt=\"\" class=\"wp-image-210\" srcset=\"https:\/\/beta.metallbau-wicki.ch\/wp-content\/uploads\/2025\/11\/MW-101-768x1024.jpg 768w, https:\/\/beta.metallbau-wicki.ch\/wp-content\/uploads\/2025\/11\/MW-101-225x300.jpg 225w, https:\/\/beta.metallbau-wicki.ch\/wp-content\/uploads\/2025\/11\/MW-101-1152x1536.jpg 1152w, https:\/\/beta.metallbau-wicki.ch\/wp-content\/uploads\/2025\/11\/MW-101-1536x2048.jpg 1536w, https:\/\/beta.metallbau-wicki.ch\/wp-content\/uploads\/2025\/11\/MW-101-scaled.jpg 1920w\" sizes=\"(max-width: 768px) 100vw, 768px\" \/><\/figure>\n\n\n\n<figure class=\"wp-block-image size-large\"><img decoding=\"async\" width=\"1024\" height=\"776\" data-id=\"209\" src=\"https:\/\/beta.metallbau-wicki.ch\/wp-content\/uploads\/2025\/11\/MW-06-1024x776.jpg\" alt=\"\" class=\"wp-image-209\" srcset=\"https:\/\/beta.metallbau-wicki.ch\/wp-content\/uploads\/2025\/11\/MW-06-1024x776.jpg 1024w, https:\/\/beta.metallbau-wicki.ch\/wp-content\/uploads\/2025\/11\/MW-06-300x227.jpg 300w, https:\/\/beta.metallbau-wicki.ch\/wp-content\/uploads\/2025\/11\/MW-06-768x582.jpg 768w, https:\/\/beta.metallbau-wicki.ch\/wp-content\/uploads\/2025\/11\/MW-06-1536x1164.jpg 1536w, https:\/\/beta.metallbau-wicki.ch\/wp-content\/uploads\/2025\/11\/MW-06-2048x1552.jpg 2048w\" sizes=\"(max-width: 1024px) 100vw, 1024px\" \/><\/figure>\n\n\n\n<figure class=\"wp-block-image size-large is-style-default\"><img loading=\"lazy\" decoding=\"async\" width=\"768\" height=\"1024\" data-id=\"212\" src=\"https:\/\/beta.metallbau-wicki.ch\/wp-content\/uploads\/2025\/11\/MW-141-768x1024.jpg\" alt=\"\" class=\"wp-image-212\" srcset=\"https:\/\/beta.metallbau-wicki.ch\/wp-content\/uploads\/2025\/11\/MW-141-768x1024.jpg 768w, https:\/\/beta.metallbau-wicki.ch\/wp-content\/uploads\/2025\/11\/MW-141-225x300.jpg 225w, https:\/\/beta.metallbau-wicki.ch\/wp-content\/uploads\/2025\/11\/MW-141-1152x1536.jpg 1152w, https:\/\/beta.metallbau-wicki.ch\/wp-content\/uploads\/2025\/11\/MW-141-1536x2048.jpg 1536w, https:\/\/beta.metallbau-wicki.ch\/wp-content\/uploads\/2025\/11\/MW-141-scaled.jpg 1920w\" sizes=\"(max-width: 768px) 100vw, 768px\" \/><\/figure>\n\n\n\n<figure class=\"wp-block-image size-large\"><img loading=\"lazy\" decoding=\"async\" width=\"768\" height=\"1024\" data-id=\"215\" src=\"https:\/\/beta.metallbau-wicki.ch\/wp-content\/uploads\/2025\/11\/MW-152-768x1024.jpg\" alt=\"\" class=\"wp-image-215\" srcset=\"https:\/\/beta.metallbau-wicki.ch\/wp-content\/uploads\/2025\/11\/MW-152-768x1024.jpg 768w, https:\/\/beta.metallbau-wicki.ch\/wp-content\/uploads\/2025\/11\/MW-152-225x300.jpg 225w, https:\/\/beta.metallbau-wicki.ch\/wp-content\/uploads\/2025\/11\/MW-152-1152x1536.jpg 1152w, https:\/\/beta.metallbau-wicki.ch\/wp-content\/uploads\/2025\/11\/MW-152-1536x2048.jpg 1536w, https:\/\/beta.metallbau-wicki.ch\/wp-content\/uploads\/2025\/11\/MW-152-scaled.jpg 1920w\" sizes=\"(max-width: 768px) 100vw, 768px\" \/><\/figure>\n\n\n\n<figure class=\"wp-block-image size-large\"><img loading=\"lazy\" decoding=\"async\" width=\"768\" height=\"1024\" data-id=\"220\" src=\"https:\/\/beta.metallbau-wicki.ch\/wp-content\/uploads\/2025\/11\/MW-155-Kopie-768x1024.jpg\" alt=\"\" class=\"wp-image-220\" srcset=\"https:\/\/beta.metallbau-wicki.ch\/wp-content\/uploads\/2025\/11\/MW-155-Kopie-768x1024.jpg 768w, https:\/\/beta.metallbau-wicki.ch\/wp-content\/uploads\/2025\/11\/MW-155-Kopie-225x300.jpg 225w, https:\/\/beta.metallbau-wicki.ch\/wp-content\/uploads\/2025\/11\/MW-155-Kopie-1152x1536.jpg 1152w, https:\/\/beta.metallbau-wicki.ch\/wp-content\/uploads\/2025\/11\/MW-155-Kopie-1536x2048.jpg 1536w, https:\/\/beta.metallbau-wicki.ch\/wp-content\/uploads\/2025\/11\/MW-155-Kopie-scaled.jpg 1920w\" sizes=\"(max-width: 768px) 100vw, 768px\" \/><\/figure>\n\n\n\n<figure class=\"wp-block-image size-large\"><img loading=\"lazy\" decoding=\"async\" width=\"1024\" height=\"768\" data-id=\"240\" src=\"https:\/\/beta.metallbau-wicki.ch\/wp-content\/uploads\/2025\/11\/MW-34-1024x768.jpg\" alt=\"\" class=\"wp-image-240\" srcset=\"https:\/\/beta.metallbau-wicki.ch\/wp-content\/uploads\/2025\/11\/MW-34-1024x768.jpg 1024w, https:\/\/beta.metallbau-wicki.ch\/wp-content\/uploads\/2025\/11\/MW-34-300x225.jpg 300w, https:\/\/beta.metallbau-wicki.ch\/wp-content\/uploads\/2025\/11\/MW-34-768x576.jpg 768w, https:\/\/beta.metallbau-wicki.ch\/wp-content\/uploads\/2025\/11\/MW-34-1536x1152.jpg 1536w, https:\/\/beta.metallbau-wicki.ch\/wp-content\/uploads\/2025\/11\/MW-34-2048x1536.jpg 2048w\" sizes=\"(max-width: 1024px) 100vw, 1024px\" \/><\/figure>\n\n\n\n<figure class=\"wp-block-image size-large\"><img loading=\"lazy\" decoding=\"async\" width=\"768\" height=\"1024\" data-id=\"243\" src=\"https:\/\/beta.metallbau-wicki.ch\/wp-content\/uploads\/2025\/11\/MW-74-768x1024.jpg\" alt=\"\" class=\"wp-image-243\" srcset=\"https:\/\/beta.metallbau-wicki.ch\/wp-content\/uploads\/2025\/11\/MW-74-768x1024.jpg 768w, https:\/\/beta.metallbau-wicki.ch\/wp-content\/uploads\/2025\/11\/MW-74-225x300.jpg 225w, https:\/\/beta.metallbau-wicki.ch\/wp-content\/uploads\/2025\/11\/MW-74-1152x1536.jpg 1152w, https:\/\/beta.metallbau-wicki.ch\/wp-content\/uploads\/2025\/11\/MW-74-1536x2048.jpg 1536w, https:\/\/beta.metallbau-wicki.ch\/wp-content\/uploads\/2025\/11\/MW-74-scaled.jpg 1920w\" sizes=\"(max-width: 768px) 100vw, 768px\" \/><\/figure>\n\n\n\n<figure class=\"wp-block-image size-large\"><img loading=\"lazy\" decoding=\"async\" width=\"768\" height=\"1024\" data-id=\"245\" src=\"https:\/\/beta.metallbau-wicki.ch\/wp-content\/uploads\/2025\/11\/MW-92-768x1024.jpg\" alt=\"\" class=\"wp-image-245\" srcset=\"https:\/\/beta.metallbau-wicki.ch\/wp-content\/uploads\/2025\/11\/MW-92-768x1024.jpg 768w, https:\/\/beta.metallbau-wicki.ch\/wp-content\/uploads\/2025\/11\/MW-92-225x300.jpg 225w, https:\/\/beta.metallbau-wicki.ch\/wp-content\/uploads\/2025\/11\/MW-92-1152x1536.jpg 1152w, https:\/\/beta.metallbau-wicki.ch\/wp-content\/uploads\/2025\/11\/MW-92-1536x2048.jpg 1536w, https:\/\/beta.metallbau-wicki.ch\/wp-content\/uploads\/2025\/11\/MW-92-scaled.jpg 1920w\" sizes=\"(max-width: 768px) 100vw, 768px\" \/><\/figure>\n<\/figure>\n<\/div>\n<\/div>\n","protected":false},"excerpt":{"rendered":"<p>Entdecken Sie die Vielfalt unserer Metalltreppenkonstruktionen. Jedes Projekt ist ein Unikat, das pr\u00e4zises Handwerk mit durchdachter Funktionalit\u00e4t verbindet. Von minimalistischen Stahltreppen f\u00fcr moderne Architektur bis hin zu robusten Industrietreppen \u2013 unsere Referenzen zeigen, was m\u00f6glich ist.<\/p>\n","protected":false},"author":1,"featured_media":211,"parent":0,"menu_order":0,"comment_status":"closed","ping_status":"closed","template":"","meta":{"footnotes":""},"class_list":["post-303","page","type-page","status-publish","has-post-thumbnail","hentry"],"_links":{"self":[{"href":"https:\/\/beta.metallbau-wicki.ch\/index.php\/wp-json\/wp\/v2\/pages\/303","targetHints":{"allow":["GET"]}}],"collection":[{"href":"https:\/\/beta.metallbau-wicki.ch\/index.php\/wp-json\/wp\/v2\/pages"}],"about":[{"href":"https:\/\/beta.metallbau-wicki.ch\/index.php\/wp-json\/wp\/v2\/types\/page"}],"author":[{"embeddable":true,"href":"https:\/\/beta.metallbau-wicki.ch\/index.php\/wp-json\/wp\/v2\/users\/1"}],"replies":[{"embeddable":true,"href":"https:\/\/beta.metallbau-wicki.ch\/index.php\/wp-json\/wp\/v2\/comments?post=303"}],"version-history":[{"count":9,"href":"https:\/\/beta.metallbau-wicki.ch\/index.php\/wp-json\/wp\/v2\/pages\/303\/revisions"}],"predecessor-version":[{"id":375,"href":"https:\/\/beta.metallbau-wicki.ch\/index.php\/wp-json\/wp\/v2\/pages\/303\/revisions\/375"}],"wp:featuredmedia":[{"embeddable":true,"href":"https:\/\/beta.metallbau-wicki.ch\/index.php\/wp-json\/wp\/v2\/media\/211"}],"wp:attachment":[{"href":"https:\/\/beta.metallbau-wicki.ch\/index.php\/wp-json\/wp\/v2\/media?parent=303"}],"curies":[{"name":"wp","href":"https:\/\/api.w.org\/{rel}","templated":true}]}}