{"id":2,"date":"2024-04-23T17:33:03","date_gmt":"2024-04-23T17:33:03","guid":{"rendered":"https:\/\/beta.metallbau-wicki.ch\/?page_id=2"},"modified":"2025-11-26T17:02:08","modified_gmt":"2025-11-26T17:02:08","slug":"sichtschutz-deko","status":"publish","type":"page","link":"https:\/\/beta.metallbau-wicki.ch\/index.php\/sichtschutz-deko\/","title":{"rendered":"Sichtschutz &amp; Deko"},"content":{"rendered":"\n<p class=\"has-text-align-center\">Wollen Sie mehr Privatsph\u00e4re, hier w\u00e4re eine L\u00f6sung.<\/p>\n\n\n\n<div class=\"wp-block-group is-nowrap is-layout-flex wp-container-core-group-is-layout-6c531013 wp-block-group-is-layout-flex\"><\/div>\n\n\n\n<div class=\"wp-block-group is-nowrap is-layout-flex wp-container-core-group-is-layout-6c531013 wp-block-group-is-layout-flex\">\n<figure class=\"wp-block-image alignleft size-full has-custom-border\"><img fetchpriority=\"high\" decoding=\"async\" width=\"1920\" height=\"2560\" src=\"https:\/\/beta.metallbau-wicki.ch\/wp-content\/uploads\/2025\/11\/MW-66-scaled.jpg\" alt=\"\" class=\"wp-image-207\" style=\"border-radius:33px;aspect-ratio:1.7777777777777777;object-fit:cover\" srcset=\"https:\/\/beta.metallbau-wicki.ch\/wp-content\/uploads\/2025\/11\/MW-66-scaled.jpg 1920w, https:\/\/beta.metallbau-wicki.ch\/wp-content\/uploads\/2025\/11\/MW-66-225x300.jpg 225w, https:\/\/beta.metallbau-wicki.ch\/wp-content\/uploads\/2025\/11\/MW-66-768x1024.jpg 768w, https:\/\/beta.metallbau-wicki.ch\/wp-content\/uploads\/2025\/11\/MW-66-1152x1536.jpg 1152w, https:\/\/beta.metallbau-wicki.ch\/wp-content\/uploads\/2025\/11\/MW-66-1536x2048.jpg 1536w\" sizes=\"(max-width: 1920px) 100vw, 1920px\" \/><\/figure>\n\n\n\n<blockquote class=\"wp-block-quote has-text-align-center is-layout-flow wp-block-quote-is-layout-flow\">\n<p class=\"has-text-align-right\">Metall in seiner nat\u00fcrlichsten Form<\/p>\n<\/blockquote>\n<\/div>\n\n\n\n<div style=\"height:32px;width:0px\" aria-hidden=\"true\" class=\"wp-block-spacer\"><\/div>\n\n\n\n<p class=\"has-text-align-center has-large-font-size\">&#8230;oder wie w\u00e4res es mit einem einzigartigem Geschenk.<\/p>\n\n\n\n<div class=\"wp-block-group is-content-justification-right is-nowrap is-layout-flex wp-container-core-group-is-layout-17124a9a wp-block-group-is-layout-flex\">\n<blockquote class=\"wp-block-quote has-text-align-center wp-container-content-69bc4bdf is-layout-flow wp-block-quote-is-layout-flow\">\n<p>Plasma Schnitt<\/p>\n<\/blockquote>\n\n\n\n<figure class=\"wp-block-gallery has-nested-images columns-2 is-cropped wp-block-gallery-1 is-layout-flex wp-block-gallery-is-layout-flex\">\n<figure class=\"wp-block-image size-large has-custom-border\"><img decoding=\"async\" width=\"768\" height=\"1024\" data-id=\"206\" src=\"https:\/\/beta.metallbau-wicki.ch\/wp-content\/uploads\/2025\/11\/MW-60-768x1024.jpg\" alt=\"\" class=\"wp-image-206\" style=\"border-radius:33px\" srcset=\"https:\/\/beta.metallbau-wicki.ch\/wp-content\/uploads\/2025\/11\/MW-60-768x1024.jpg 768w, https:\/\/beta.metallbau-wicki.ch\/wp-content\/uploads\/2025\/11\/MW-60-225x300.jpg 225w, https:\/\/beta.metallbau-wicki.ch\/wp-content\/uploads\/2025\/11\/MW-60-1152x1536.jpg 1152w, https:\/\/beta.metallbau-wicki.ch\/wp-content\/uploads\/2025\/11\/MW-60-1536x2048.jpg 1536w, https:\/\/beta.metallbau-wicki.ch\/wp-content\/uploads\/2025\/11\/MW-60-scaled.jpg 1920w\" sizes=\"(max-width: 768px) 100vw, 768px\" \/><\/figure>\n\n\n\n<figure class=\"wp-block-image size-large has-custom-border wp-container-content-f27febe6\"><img decoding=\"async\" width=\"768\" height=\"1024\" data-id=\"205\" src=\"https:\/\/beta.metallbau-wicki.ch\/wp-content\/uploads\/2025\/11\/MW-59-768x1024.jpg\" alt=\"\" class=\"wp-image-205\" style=\"border-style:none;border-width:0px;border-radius:33px\" srcset=\"https:\/\/beta.metallbau-wicki.ch\/wp-content\/uploads\/2025\/11\/MW-59-768x1024.jpg 768w, https:\/\/beta.metallbau-wicki.ch\/wp-content\/uploads\/2025\/11\/MW-59-225x300.jpg 225w, https:\/\/beta.metallbau-wicki.ch\/wp-content\/uploads\/2025\/11\/MW-59-1152x1536.jpg 1152w, https:\/\/beta.metallbau-wicki.ch\/wp-content\/uploads\/2025\/11\/MW-59-1536x2048.jpg 1536w, https:\/\/beta.metallbau-wicki.ch\/wp-content\/uploads\/2025\/11\/MW-59-scaled.jpg 1920w\" sizes=\"(max-width: 768px) 100vw, 768px\" \/><\/figure>\n<\/figure>\n<\/div>\n\n\n\n<div class=\"wp-block-columns are-vertically-aligned-center is-layout-flex wp-container-core-columns-is-layout-28f84493 wp-block-columns-is-layout-flex\">\n<div class=\"wp-block-column is-vertically-aligned-center is-layout-flow wp-block-column-is-layout-flow\" style=\"flex-basis:100%\">\n<div class=\"wp-block-columns is-layout-flex wp-container-core-columns-is-layout-28f84493 wp-block-columns-is-layout-flex\">\n<div class=\"wp-block-column is-layout-flow wp-block-column-is-layout-flow\" style=\"flex-basis:100%\"><\/div>\n<\/div>\n<\/div>\n<\/div>\n\n\n\n<div class=\"wp-block-columns is-layout-flex wp-container-core-columns-is-layout-28f84493 wp-block-columns-is-layout-flex\">\n<div class=\"wp-block-column is-layout-flow wp-block-column-is-layout-flow\" style=\"flex-basis:66.66%\"><\/div>\n<\/div>\n\n\n\n<p><\/p>\n","protected":false},"excerpt":{"rendered":"<p>Wollen Sie mehr Privatsph\u00e4re, hier w\u00e4re eine L\u00f6sung. Metall in seiner nat\u00fcrlichsten Form &#8230;oder wie w\u00e4res es mit einem einzigartigem Geschenk. Plasma Schnitt<\/p>\n","protected":false},"author":1,"featured_media":0,"parent":0,"menu_order":0,"comment_status":"closed","ping_status":"open","template":"","meta":{"footnotes":""},"class_list":["post-2","page","type-page","status-publish","hentry"],"_links":{"self":[{"href":"https:\/\/beta.metallbau-wicki.ch\/index.php\/wp-json\/wp\/v2\/pages\/2","targetHints":{"allow":["GET"]}}],"collection":[{"href":"https:\/\/beta.metallbau-wicki.ch\/index.php\/wp-json\/wp\/v2\/pages"}],"about":[{"href":"https:\/\/beta.metallbau-wicki.ch\/index.php\/wp-json\/wp\/v2\/types\/page"}],"author":[{"embeddable":true,"href":"https:\/\/beta.metallbau-wicki.ch\/index.php\/wp-json\/wp\/v2\/users\/1"}],"replies":[{"embeddable":true,"href":"https:\/\/beta.metallbau-wicki.ch\/index.php\/wp-json\/wp\/v2\/comments?post=2"}],"version-history":[{"count":16,"href":"https:\/\/beta.metallbau-wicki.ch\/index.php\/wp-json\/wp\/v2\/pages\/2\/revisions"}],"predecessor-version":[{"id":327,"href":"https:\/\/beta.metallbau-wicki.ch\/index.php\/wp-json\/wp\/v2\/pages\/2\/revisions\/327"}],"wp:attachment":[{"href":"https:\/\/beta.metallbau-wicki.ch\/index.php\/wp-json\/wp\/v2\/media?parent=2"}],"curies":[{"name":"wp","href":"https:\/\/api.w.org\/{rel}","templated":true}]}}